{"id":22,"date":"2019-07-29T04:06:25","date_gmt":"2019-07-29T02:06:25","guid":{"rendered":"http:\/\/climateloggers.com\/mlng\/?page_id=22"},"modified":"2019-11-11T05:49:35","modified_gmt":"2019-11-11T04:49:35","slug":"main-es","status":"publish","type":"page","link":"https:\/\/climateloggers.com\/mlng\/","title":{"rendered":"main-es"},"content":{"rendered":"<h1 style=\"text-align: center;\">Medidores de temperatura y humedad<\/h1>\n<h2 style=\"text-align: center;\">Monitoreo, supervisi\u00f3n, registro, sistemas de medici\u00f3n.<\/h2>\n<p><code><div class=\"su-box su-box-style-default mainpage-box mainpage-box-half\" id=\"\" style=\"border-color:#000000;border-radius:3px\"><div class=\"su-box-title\" style=\"background-color:#333333;color:#FFFFFF;border-top-left-radius:1px;border-top-right-radius:1px\">This is box title<\/div><div class=\"su-box-content su-u-clearfix su-u-trim\" style=\"border-bottom-left-radius:1px;border-bottom-right-radius:1px\"><\/code><a href=\"https:\/\/climateloggers.com\/mlng\/termometro-electronico-lb-710at\/\"><img loading=\"lazy\" class=\"alignleft wp-image-15\" src=\"https:\/\/climateloggers.com\/mlng\/wp-content\/uploads\/2019\/07\/lb710at-01-2-139x300.jpg\" alt=\"\" width=\"84\" height=\"180\" srcset=\"https:\/\/climateloggers.com\/mlng\/wp-content\/uploads\/2019\/07\/lb710at-01-2-139x300.jpg 139w, https:\/\/climateloggers.com\/mlng\/wp-content\/uploads\/2019\/07\/lb710at-01-2.jpg 221w\" sizes=\"(max-width: 84px) 100vw, 84px\" \/><\/a><\/p>\n<h4><a href=\"https:\/\/climateloggers.com\/mlng\/termometro-electronico-lb-710at\/\">Term\u00f3metro electr\u00f3nico preciso LB-710AT<\/a><\/h4>\n<ul>\n<li>Temperatura del aire, resoluci\u00f3n 0.01\u00b0C<\/li>\n<li>Incertidumbre 0.1\u00b0C<\/li>\n<\/ul>\n<p><code><\/div><\/div><\/code><\/p>\n<p><code><div class=\"su-box su-box-style-default mainpage-box mainpage-box-half\" id=\"\" style=\"border-color:#000000;border-radius:3px\"><div class=\"su-box-title\" style=\"background-color:#333333;color:#FFFFFF;border-top-left-radius:1px;border-top-right-radius:1px\">This is box title<\/div><div class=\"su-box-content su-u-clearfix su-u-trim\" style=\"border-bottom-left-radius:1px;border-bottom-right-radius:1px\"><\/code><a href=\"https:\/\/climateloggers.com\/mlng\/termohigrometro-lb-523\/\"><img loading=\"lazy\" class=\"alignleft wp-image-99\" style=\"color: #222222; font-family: monospace;\" src=\"https:\/\/climateloggers.com\/mlng\/wp-content\/uploads\/2019\/07\/lb-523t-r03-02-300x295.jpg\" alt=\"\" width=\"183\" height=\"180\" srcset=\"https:\/\/climateloggers.com\/mlng\/wp-content\/uploads\/2019\/07\/lb-523t-r03-02-300x295.jpg 300w, https:\/\/climateloggers.com\/mlng\/wp-content\/uploads\/2019\/07\/lb-523t-r03-02.jpg 550w\" sizes=\"(max-width: 183px) 100vw, 183px\" \/><\/a><\/p>\n<h4><a href=\"https:\/\/climateloggers.com\/mlng\/termohigrometro-lb-523\/\">Termohigr\u00f3metro LB-523 WiFi<\/a><\/h4>\n<ul>\n<li>WiFi 2.4GHz 802.11b\/g<\/li>\n<li>Temperatura del aire, resoluci\u00f3n 0.1\u00b0C<\/li>\n<li>Humedad relativa del aire, resoluci\u00f3n 0.1%<\/li>\n<\/ul>\n<p><code><\/div><\/div><\/code><\/p>\n<p><code><div class=\"su-box su-box-style-default mainpage-box mainpage-box-half\" id=\"\" style=\"border-color:#000000;border-radius:3px\"><div class=\"su-box-title\" style=\"background-color:#333333;color:#FFFFFF;border-top-left-radius:1px;border-top-right-radius:1px\">This is box title<\/div><div class=\"su-box-content su-u-clearfix su-u-trim\" style=\"border-bottom-left-radius:1px;border-bottom-right-radius:1px\"><\/code><\/p>\n<h4><a href=\"https:\/\/climateloggers.com\/mlng\/lb-518-termohigrometro-inalambrico-bluetooth\/\"><img loading=\"lazy\" class=\"alignleft wp-image-36\" src=\"https:\/\/climateloggers.com\/mlng\/wp-content\/uploads\/2019\/07\/lb518-3-300x261.jpg\" alt=\"\" width=\"207\" height=\"180\" srcset=\"https:\/\/climateloggers.com\/mlng\/wp-content\/uploads\/2019\/07\/lb518-3-300x261.jpg 300w, https:\/\/climateloggers.com\/mlng\/wp-content\/uploads\/2019\/07\/lb518-3.jpg 574w\" sizes=\"(max-width: 207px) 100vw, 207px\" \/><\/a><\/h4>\n<h4><a href=\"https:\/\/climateloggers.com\/mlng\/lb-518-termohigrometro-inalambrico-bluetooth\/\">Registrador de temperatura y humedad LB-518<\/a><\/h4>\n<ul>\n<li>Bluetooth de baja energ\u00eda (BLE) 2.4GHz<\/li>\n<li>Temperatura del aire, resoluci\u00f3n 0.1\u00b0C<\/li>\n<li>Humedad relativa del aire, resoluci\u00f3n 0.1%<\/li>\n<\/ul>\n<p><code><\/div><\/div><\/code><\/p>\n<p><code><div class=\"su-box su-box-style-default mainpage-box mainpage-box-half\" id=\"\" style=\"border-color:#000000;border-radius:3px\"><div class=\"su-box-title\" style=\"background-color:#333333;color:#FFFFFF;border-top-left-radius:1px;border-top-right-radius:1px\">This is box title<\/div><div class=\"su-box-content su-u-clearfix su-u-trim\" style=\"border-bottom-left-radius:1px;border-bottom-right-radius:1px\"><\/code><a href=\"https:\/\/climateloggers.com\/mlng\/lb-524-termometro-e-higrometro-con-gsm\/\"><img loading=\"lazy\" class=\"alignleft wp-image-72\" src=\"https:\/\/climateloggers.com\/mlng\/wp-content\/uploads\/2019\/07\/termometr-gsm-lb524-2-185x300.jpg\" alt=\"\" width=\"111\" height=\"180\" srcset=\"https:\/\/climateloggers.com\/mlng\/wp-content\/uploads\/2019\/07\/termometr-gsm-lb524-2-185x300.jpg 185w, https:\/\/climateloggers.com\/mlng\/wp-content\/uploads\/2019\/07\/termometr-gsm-lb524-2.jpg 369w\" sizes=\"(max-width: 111px) 100vw, 111px\" \/><\/a><\/p>\n<h4><a href=\"https:\/\/climateloggers.com\/mlng\/lb-524-termometro-e-higrometro-con-gsm\/\">Term\u00f3metro e higr\u00f3metro LB-524 GSM<\/a><\/h4>\n<ul>\n<li>GSM \/ GPRS inal\u00e1mbrico<\/li>\n<li>Temperatura del aire, resoluci\u00f3n 0.1\u00b0C<\/li>\n<li>Humedad relativa del aire, resoluci\u00f3n 0.1%<\/li>\n<\/ul>\n<p><code><\/div><\/div><\/code><\/p>\n<p><code><div class=\"su-box su-box-style-soft mainpage-box mainpage-box-full\" id=\"\" style=\"border-color:#000000;border-radius:3px\"><div class=\"su-box-title\" style=\"background-color:#333333;color:#FFFFFF;border-top-left-radius:1px;border-top-right-radius:1px\">This is box title<\/div><div class=\"su-box-content su-u-clearfix su-u-trim\" style=\"border-bottom-left-radius:1px;border-bottom-right-radius:1px\"><a href=\"https:\/\/climateloggers.com\/mlng\/por-que-molestarse-con-la-calibracion\/\"><img loading=\"lazy\" class=\"alignleft wp-image-150 size-full\" src=\"https:\/\/climateloggers.com\/mlng\/wp-content\/uploads\/2019\/07\/logo-labo-05-120px.png\" alt=\"\" width=\"120\" height=\"113\" \/><\/a><\/code><\/p>\n<h3><a href=\"https:\/\/climateloggers.com\/mlng\/por-que-molestarse-con-la-calibracion\/\">Laboratorio de calibraci\u00f3n de humedad, temperatura y presi\u00f3n<\/a><\/h3>\n<p>Servicio de calibraci\u00f3n de term\u00f3metros, higr\u00f3metros, bar\u00f3metros, anem\u00f3metros, pir\u00f3metros, c\u00e1maras clim\u00e1ticas. Investigaci\u00f3n del microclima de <span lang=\"EN-GB\">interiores<\/span>. Ajuste de dispositivos. Certificados de calibraci\u00f3n.<code><\/div><\/div><\/code><\/p>\n","protected":false},"excerpt":{"rendered":"<p>Medidores de temperatura y humedad Monitoreo, supervisi\u00f3n, registro, sistemas de medici\u00f3n.<\/p>\n","protected":false},"author":2,"featured_media":0,"parent":0,"menu_order":0,"comment_status":"closed","ping_status":"closed","template":"","meta":[],"_links":{"self":[{"href":"https:\/\/climateloggers.com\/mlng\/wp-json\/wp\/v2\/pages\/22"}],"collection":[{"href":"https:\/\/climateloggers.com\/mlng\/wp-json\/wp\/v2\/pages"}],"about":[{"href":"https:\/\/climateloggers.com\/mlng\/wp-json\/wp\/v2\/types\/page"}],"author":[{"embeddable":true,"href":"https:\/\/climateloggers.com\/mlng\/wp-json\/wp\/v2\/users\/2"}],"replies":[{"embeddable":true,"href":"https:\/\/climateloggers.com\/mlng\/wp-json\/wp\/v2\/comments?post=22"}],"version-history":[{"count":44,"href":"https:\/\/climateloggers.com\/mlng\/wp-json\/wp\/v2\/pages\/22\/revisions"}],"predecessor-version":[{"id":618,"href":"https:\/\/climateloggers.com\/mlng\/wp-json\/wp\/v2\/pages\/22\/revisions\/618"}],"wp:attachment":[{"href":"https:\/\/climateloggers.com\/mlng\/wp-json\/wp\/v2\/media?parent=22"}],"curies":[{"name":"wp","href":"https:\/\/api.w.org\/{rel}","templated":true}]}}